{"id":18785,"date":"2024-12-09T13:45:24","date_gmt":"2024-12-09T12:45:24","guid":{"rendered":"https:\/\/www.gruenes-grenzland.net\/?page_id=18785"},"modified":"2024-12-09T13:57:38","modified_gmt":"2024-12-09T12:57:38","slug":"windkraftaniagen-auf-dem-ehemaligen-britischen-militarflugplatz-elmpt","status":"publish","type":"page","link":"https:\/\/www.gruenes-grenzland.net\/de\/windkraftaniagen-auf-dem-ehemaligen-britischen-militarflugplatz-elmpt\/","title":{"rendered":"WindkraftanIagen auf dem ehemaligen britischen Milit\u00e4rflugplatz Elmpt"},"content":{"rendered":"<div data-elementor-type=\"wp-page\" data-elementor-id=\"18785\" class=\"elementor elementor-18785\" data-elementor-post-type=\"page\">\n\t\t\t\t\t\t<section class=\"elementor-section elementor-top-section elementor-element elementor-element-6a05d88 elementor-section-boxed elementor-section-height-default elementor-section-height-default\" data-id=\"6a05d88\" data-element_type=\"section\" data-e-type=\"section\">\n\t\t\t\t\t\t<div class=\"elementor-container elementor-column-gap-default\">\n\t\t\t\t\t<div class=\"elementor-column elementor-col-100 elementor-top-column elementor-element elementor-element-a55099c\" data-id=\"a55099c\" data-element_type=\"column\" data-e-type=\"column\">\n\t\t\t<div class=\"elementor-widget-wrap elementor-element-populated\">\n\t\t\t\t\t\t<div class=\"elementor-element elementor-element-405406c elementor-widget elementor-widget-heading\" data-id=\"405406c\" data-element_type=\"widget\" data-e-type=\"widget\" data-widget_type=\"heading.default\">\n\t\t\t\t<div class=\"elementor-widget-container\">\n\t\t\t\t\t<h2 class=\"elementor-heading-title elementor-size-default\">WindkraftanIagen auf dem ehemaligen britischen Milit\u00e4rflugplatz Elmpt<\/h2>\t\t\t\t<\/div>\n\t\t\t\t<\/div>\n\t\t\t\t\t<\/div>\n\t\t<\/div>\n\t\t\t\t\t<\/div>\n\t\t<\/section>\n\t\t\t\t<section class=\"elementor-section elementor-top-section elementor-element elementor-element-44b5c47 elementor-section-boxed elementor-section-height-default elementor-section-height-default\" data-id=\"44b5c47\" data-element_type=\"section\" data-e-type=\"section\">\n\t\t\t\t\t\t<div class=\"elementor-container elementor-column-gap-default\">\n\t\t\t\t\t<div class=\"elementor-column elementor-col-100 elementor-top-column elementor-element elementor-element-382efd8\" data-id=\"382efd8\" data-element_type=\"column\" data-e-type=\"column\">\n\t\t\t<div class=\"elementor-widget-wrap elementor-element-populated\">\n\t\t\t\t\t\t<div class=\"elementor-element elementor-element-acb891c elementor-widget elementor-widget-text-editor\" data-id=\"acb891c\" data-element_type=\"widget\" data-e-type=\"widget\" data-widget_type=\"text-editor.default\">\n\t\t\t\t<div class=\"elementor-widget-container\">\n\t\t\t\t\t\t\t\t\t<p>Widerspruch der Natur- und Umweltf\u00f6deration Limburg gegen die beantragte Genehmigung zum Bau und Betrieb von sieben Windenergieanlagen auf der Landebahn des ehemaligen britischen MiIit\u00e4rflugplatzes Niederkr\u00fcchten-Elmpt, 15-02-202 1 (aus dem Einspruch,<br \/>siehe:\u00a0<br \/><span style=\"font-style: inherit; font-weight: inherit; background-color: var(--ast-global-color-5); color: var(--ast-global-color-3);\">\u00a0<\/span><a style=\"font-style: inherit; font-weight: inherit;\" href=\"https:\/\/www.nmflimburg.nl\/nieuws\/natuur-en-milieufederatie-limburg-maakt-bezwaar-tegen-7-windturbines-midden-in-grenspark-maas-swalm-nette\/\">https:\/\/www.nmflimburg.nl\/nieuws\/natuur-en-milieufederatie-limburgmaakt-bezwaar-tegen-7-windturbines-midden-in-grenspark-maas-swalm-nette\/<\/a><span style=\"font-style: inherit; font-weight: inherit; background-color: var(--ast-global-color-5); color: var(--ast-global-color-3);\"> )<\/span><\/p>\t\t\t\t\t\t\t\t<\/div>\n\t\t\t\t<\/div>\n\t\t\t\t\t<\/div>\n\t\t<\/div>\n\t\t\t\t\t<\/div>\n\t\t<\/section>\n\t\t\t\t<section class=\"elementor-section elementor-top-section elementor-element elementor-element-ed9db12 elementor-section-boxed elementor-section-height-default elementor-section-height-default\" data-id=\"ed9db12\" data-element_type=\"section\" data-e-type=\"section\">\n\t\t\t\t\t\t<div class=\"elementor-container elementor-column-gap-default\">\n\t\t\t\t\t<div class=\"elementor-column elementor-col-100 elementor-top-column elementor-element elementor-element-4afb800\" data-id=\"4afb800\" data-element_type=\"column\" data-e-type=\"column\">\n\t\t\t<div class=\"elementor-widget-wrap elementor-element-populated\">\n\t\t\t\t\t\t<div class=\"elementor-element elementor-element-33b0933 elementor-widget elementor-widget-text-editor\" data-id=\"33b0933\" data-element_type=\"widget\" data-e-type=\"widget\" data-widget_type=\"text-editor.default\">\n\t\t\t\t<div class=\"elementor-widget-container\">\n\t\t\t\t\t\t\t\t\t<ul><li>Die Qualifikation ,,vorbelastet&#8221; f\u00fchrt zu noch mehr Windkraftanlagen in der Region.<\/li><li>Die Windturbinen befinden sich in der N\u00e4he einer Reihe von Gebieten der Vogelschutzrichtlinie: laut der,,Nationalen Windm\u00fchlenrisikokarte f\u00fcr V\u00f6gel&#8221; sind dies Hochrisikogebiete f\u00fcr V\u00f6gel.<\/li><li>Die Windkraftanlagen befinden sich in einer Zone von weniger als 200 m Abstand zu Waldfl\u00e4che; laut Eurobats sollen diese Gebiete frei von Windturbinen bleiben.<\/li><li>Die Windkraftanlagen k\u00f6nnen den g\u00fcnstigen Erhaltungszustand der M\u00e4usebussard-, Wespenbussard-, Heidelerchen- und Feldlerchen- sowie der Dachspopulationen gef\u00e4hrden.<\/li><li>Die Windkraftanlagen befinden sich auf der Zugroute von Kranichen und G\u00e4nsen.<\/li><li>F\u00fcr die negativen visuellen Auswirkungen auf die Landschaft siehe auch diese Videos:<\/li><\/ul><p style=\"text-align: center;\">\u00a0<\/p>\t\t\t\t\t\t\t\t<\/div>\n\t\t\t\t<\/div>\n\t\t\t\t\t<\/div>\n\t\t<\/div>\n\t\t\t\t\t<\/div>\n\t\t<\/section>\n\t\t\t\t<section class=\"elementor-section elementor-top-section elementor-element elementor-element-89510ed elementor-section-boxed elementor-section-height-default elementor-section-height-default\" data-id=\"89510ed\" data-element_type=\"section\" data-e-type=\"section\">\n\t\t\t\t\t\t<div class=\"elementor-container elementor-column-gap-default\">\n\t\t\t\t\t<div class=\"elementor-column elementor-col-50 elementor-top-column elementor-element elementor-element-aac8a10\" data-id=\"aac8a10\" data-element_type=\"column\" data-e-type=\"column\">\n\t\t\t<div class=\"elementor-widget-wrap elementor-element-populated\">\n\t\t\t\t\t\t<div class=\"elementor-element elementor-element-232b90e elementor-widget elementor-widget-video\" data-id=\"232b90e\" data-element_type=\"widget\" data-e-type=\"widget\" data-settings=\"{&quot;youtube_url&quot;:&quot;https:\\\/\\\/www.youtube.com\\\/watch?v=Ba1a-c7OUJg&amp;t=27s&quot;,&quot;video_type&quot;:&quot;youtube&quot;,&quot;controls&quot;:&quot;yes&quot;}\" data-widget_type=\"video.default\">\n\t\t\t\t<div class=\"elementor-widget-container\">\n\t\t\t\t\t\t\t<div class=\"elementor-wrapper elementor-open-inline\">\n\t\t\t<div class=\"elementor-video\"><\/div>\t\t<\/div>\n\t\t\t\t\t\t<\/div>\n\t\t\t\t<\/div>\n\t\t\t\t\t<\/div>\n\t\t<\/div>\n\t\t\t\t<div class=\"elementor-column elementor-col-50 elementor-top-column elementor-element elementor-element-1386540\" data-id=\"1386540\" data-element_type=\"column\" data-e-type=\"column\">\n\t\t\t<div class=\"elementor-widget-wrap elementor-element-populated\">\n\t\t\t\t\t\t<div class=\"elementor-element elementor-element-111745b elementor-widget elementor-widget-video\" data-id=\"111745b\" data-element_type=\"widget\" data-e-type=\"widget\" data-settings=\"{&quot;youtube_url&quot;:&quot;https:\\\/\\\/www.youtube.com\\\/watch?v=Qn_jQm30o7s&amp;t=37s&quot;,&quot;video_type&quot;:&quot;youtube&quot;,&quot;controls&quot;:&quot;yes&quot;}\" data-widget_type=\"video.default\">\n\t\t\t\t<div class=\"elementor-widget-container\">\n\t\t\t\t\t\t\t<div class=\"elementor-wrapper elementor-open-inline\">\n\t\t\t<div class=\"elementor-video\"><\/div>\t\t<\/div>\n\t\t\t\t\t\t<\/div>\n\t\t\t\t<\/div>\n\t\t\t\t\t<\/div>\n\t\t<\/div>\n\t\t\t\t\t<\/div>\n\t\t<\/section>\n\t\t\t\t<section class=\"elementor-section elementor-top-section elementor-element elementor-element-12db2f9 elementor-section-boxed elementor-section-height-default elementor-section-height-default\" data-id=\"12db2f9\" data-element_type=\"section\" data-e-type=\"section\">\n\t\t\t\t\t\t<div class=\"elementor-container elementor-column-gap-default\">\n\t\t\t\t\t<div class=\"elementor-column elementor-col-50 elementor-top-column elementor-element elementor-element-887cedc\" data-id=\"887cedc\" data-element_type=\"column\" data-e-type=\"column\">\n\t\t\t<div class=\"elementor-widget-wrap elementor-element-populated\">\n\t\t\t\t\t\t<div class=\"elementor-element elementor-element-06c37d6 elementor-widget elementor-widget-text-editor\" data-id=\"06c37d6\" data-element_type=\"widget\" data-e-type=\"widget\" data-widget_type=\"text-editor.default\">\n\t\t\t\t<div class=\"elementor-widget-container\">\n\t\t\t\t\t\t\t\t\t<p><em>Megawindturbinen im Herzen des grensparks Maas-Schwalm-Nette ?<\/em><\/p>\t\t\t\t\t\t\t\t<\/div>\n\t\t\t\t<\/div>\n\t\t\t\t\t<\/div>\n\t\t<\/div>\n\t\t\t\t<div class=\"elementor-column elementor-col-50 elementor-top-column elementor-element elementor-element-6117691\" data-id=\"6117691\" data-element_type=\"column\" data-e-type=\"column\">\n\t\t\t<div class=\"elementor-widget-wrap elementor-element-populated\">\n\t\t\t\t\t\t<div class=\"elementor-element elementor-element-6f03925 elementor-widget elementor-widget-text-editor\" data-id=\"6f03925\" data-element_type=\"widget\" data-e-type=\"widget\" data-widget_type=\"text-editor.default\">\n\t\t\t\t<div class=\"elementor-widget-container\">\n\t\t\t\t\t\t\t\t\t<p><strong style=\"font-style: inherit; background-color: var(--ast-global-color-5); color: var(--ast-global-color-3);\"><em>Lokale Unterst\u00fctzung hin oder her, durch Windkraftanlagen gehen sch\u00f6ne Horizonte verloren<\/em><\/strong><\/p>\t\t\t\t\t\t\t\t<\/div>\n\t\t\t\t<\/div>\n\t\t\t\t\t<\/div>\n\t\t<\/div>\n\t\t\t\t\t<\/div>\n\t\t<\/section>\n\t\t\t\t<section class=\"elementor-section elementor-top-section elementor-element elementor-element-22cb625 elementor-section-boxed elementor-section-height-default elementor-section-height-default\" data-id=\"22cb625\" data-element_type=\"section\" data-e-type=\"section\">\n\t\t\t\t\t\t<div class=\"elementor-container elementor-column-gap-default\">\n\t\t\t\t\t<div class=\"elementor-column elementor-col-100 elementor-top-column elementor-element elementor-element-281dfa3\" data-id=\"281dfa3\" data-element_type=\"column\" data-e-type=\"column\">\n\t\t\t<div class=\"elementor-widget-wrap elementor-element-populated\">\n\t\t\t\t\t\t<div class=\"elementor-element elementor-element-72edd19 elementor-widget elementor-widget-text-editor\" data-id=\"72edd19\" data-element_type=\"widget\" data-e-type=\"widget\" data-widget_type=\"text-editor.default\">\n\t\t\t\t<div class=\"elementor-widget-container\">\n\t\t\t\t\t\t\t\t\t<ul><li><span style=\"font-style: inherit; font-weight: inherit; background-color: var(--ast-global-color-5); color: var(--ast-global-color-3);\">Die Windkraftanlagen werden inmitten des Grenzparks Maas-Schwalm-Nette stehen, was im Widerspruch zu den Hauptzielen dieser grenz\u00fcberschreitenden Zusammenarbeit steht.<\/span><\/li><li>\u00dcberlassen Sie das Gebiet der Natur, so wie der Brachter Wald entstanden ist. Machen Sie daraus einen grenz\u00fcberschreitenden Nationalpark.<\/li><li>Entscheiden Sie sich f\u00fcr eine langsame, aber nachhaltige Entwicklung mit regionaler Koordination.<\/li><\/ul>\t\t\t\t\t\t\t\t<\/div>\n\t\t\t\t<\/div>\n\t\t\t\t\t<\/div>\n\t\t<\/div>\n\t\t\t\t\t<\/div>\n\t\t<\/section>\n\t\t\t\t<\/div>","protected":false},"excerpt":{"rendered":"<p>WindkraftanIagen auf dem ehemaligen britischen Milit\u00e4rflugplatz Elmpt Widerspruch der Natur- und Umweltf\u00f6deration Limburg gegen die beantragte Genehmigung zum Bau und Betrieb von sieben Windenergieanlagen auf der Landebahn des ehemaligen britischen MiIit\u00e4rflugplatzes Niederkr\u00fcchten-Elmpt, 15-02-202 1 (aus dem Einspruch,siehe:\u00a0\u00a0https:\/\/www.nmflimburg.nl\/nieuws\/natuur-en-milieufederatie-limburgmaakt-bezwaar-tegen-7-windturbines-midden-in-grenspark-maas-swalm-nette\/ ) Die Qualifikation ,,vorbelastet&#8221; f\u00fchrt zu noch mehr Windkraftanlagen in der Region. Die Windturbinen befinden sich in der [&hellip;]<\/p>\n","protected":false},"author":3,"featured_media":0,"parent":0,"menu_order":0,"comment_status":"closed","ping_status":"closed","template":"","meta":{"site-sidebar-layout":"no-sidebar","site-content-layout":"page-builder","ast-site-content-layout":"full-width-container","site-content-style":"default","site-sidebar-style":"default","ast-global-header-display":"","ast-banner-title-visibility":"","ast-main-header-display":"","ast-hfb-above-header-display":"","ast-hfb-below-header-display":"","ast-hfb-mobile-header-display":"","site-post-title":"disabled","ast-breadcrumbs-content":"","ast-featured-img":"disabled","footer-sml-layout":"","ast-disable-related-posts":"","theme-transparent-header-meta":"","adv-header-id-meta":"","stick-header-meta":"","header-above-stick-meta":"","header-main-stick-meta":"","header-below-stick-meta":"","astra-migrate-meta-layouts":"default","ast-page-background-enabled":"default","ast-page-background-meta":{"desktop":{"background-color":"","background-image":"","background-repeat":"repeat","background-position":"center center","background-size":"auto","background-attachment":"scroll","background-type":"","background-media":"","overlay-type":"","overlay-color":"","overlay-opacity":"","overlay-gradient":""},"tablet":{"background-color":"","background-image":"","background-repeat":"repeat","background-position":"center center","background-size":"auto","background-attachment":"scroll","background-type":"","background-media":"","overlay-type":"","overlay-color":"","overlay-opacity":"","overlay-gradient":""},"mobile":{"background-color":"","background-image":"","background-repeat":"repeat","background-position":"center center","background-size":"auto","background-attachment":"scroll","background-type":"","background-media":"","overlay-type":"","overlay-color":"","overlay-opacity":"","overlay-gradient":""}},"ast-content-background-meta":{"desktop":{"background-color":"var(--ast-global-color-5)","background-image":"","background-repeat":"repeat","background-position":"center center","background-size":"auto","background-attachment":"scroll","background-type":"","background-media":"","overlay-type":"","overlay-color":"","overlay-opacity":"","overlay-gradient":""},"tablet":{"background-color":"var(--ast-global-color-5)","background-image":"","background-repeat":"repeat","background-position":"center center","background-size":"auto","background-attachment":"scroll","background-type":"","background-media":"","overlay-type":"","overlay-color":"","overlay-opacity":"","overlay-gradient":""},"mobile":{"background-color":"var(--ast-global-color-5)","background-image":"","background-repeat":"repeat","background-position":"center center","background-size":"auto","background-attachment":"scroll","background-type":"","background-media":"","overlay-type":"","overlay-color":"","overlay-opacity":"","overlay-gradient":""}},"footnotes":""},"class_list":["post-18785","page","type-page","status-publish","hentry"],"_links":{"self":[{"href":"https:\/\/www.gruenes-grenzland.net\/de\/wp-json\/wp\/v2\/pages\/18785","targetHints":{"allow":["GET"]}}],"collection":[{"href":"https:\/\/www.gruenes-grenzland.net\/de\/wp-json\/wp\/v2\/pages"}],"about":[{"href":"https:\/\/www.gruenes-grenzland.net\/de\/wp-json\/wp\/v2\/types\/page"}],"author":[{"embeddable":true,"href":"https:\/\/www.gruenes-grenzland.net\/de\/wp-json\/wp\/v2\/users\/3"}],"replies":[{"embeddable":true,"href":"https:\/\/www.gruenes-grenzland.net\/de\/wp-json\/wp\/v2\/comments?post=18785"}],"version-history":[{"count":6,"href":"https:\/\/www.gruenes-grenzland.net\/de\/wp-json\/wp\/v2\/pages\/18785\/revisions"}],"predecessor-version":[{"id":18793,"href":"https:\/\/www.gruenes-grenzland.net\/de\/wp-json\/wp\/v2\/pages\/18785\/revisions\/18793"}],"wp:attachment":[{"href":"https:\/\/www.gruenes-grenzland.net\/de\/wp-json\/wp\/v2\/media?parent=18785"}],"curies":[{"name":"wp","href":"https:\/\/api.w.org\/{rel}","templated":true}]}}