{"id":5329,"date":"2022-03-10T17:35:32","date_gmt":"2022-03-10T16:35:32","guid":{"rendered":"https:\/\/www.gruenes-grenzland.net\/?page_id=5329"},"modified":"2023-10-30T10:05:28","modified_gmt":"2023-10-30T09:05:28","slug":"impressum","status":"publish","type":"page","link":"https:\/\/www.gruenes-grenzland.net\/de\/impressum\/","title":{"rendered":"Impressum"},"content":{"rendered":"<div data-elementor-type=\"wp-page\" data-elementor-id=\"5329\" class=\"elementor elementor-5329\" data-elementor-post-type=\"page\">\n\t\t\t\t\t\t<section class=\"elementor-section elementor-top-section elementor-element elementor-element-eb783a0 elementor-section-boxed elementor-section-height-default elementor-section-height-default\" data-id=\"eb783a0\" data-element_type=\"section\" data-e-type=\"section\">\n\t\t\t\t\t\t<div class=\"elementor-container elementor-column-gap-default\">\n\t\t\t\t\t<div class=\"elementor-column elementor-col-100 elementor-top-column elementor-element elementor-element-6507891\" data-id=\"6507891\" data-element_type=\"column\" data-e-type=\"column\">\n\t\t\t<div class=\"elementor-widget-wrap elementor-element-populated\">\n\t\t\t\t\t\t<section class=\"elementor-section elementor-inner-section elementor-element elementor-element-eaa6fae elementor-section-boxed elementor-section-height-default elementor-section-height-default\" data-id=\"eaa6fae\" data-element_type=\"section\" data-e-type=\"section\">\n\t\t\t\t\t\t<div class=\"elementor-container elementor-column-gap-default\">\n\t\t\t\t\t<div class=\"elementor-column elementor-col-33 elementor-inner-column elementor-element elementor-element-49b9474\" data-id=\"49b9474\" data-element_type=\"column\" data-e-type=\"column\">\n\t\t\t<div class=\"elementor-widget-wrap elementor-element-populated\">\n\t\t\t\t\t\t<div class=\"elementor-element elementor-element-4291115 elementor-widget elementor-widget-button\" data-id=\"4291115\" data-element_type=\"widget\" data-e-type=\"widget\" data-widget_type=\"button.default\">\n\t\t\t\t<div class=\"elementor-widget-container\">\n\t\t\t\t\t\t\t\t\t<div class=\"elementor-button-wrapper\">\n\t\t\t\t\t<a class=\"elementor-button elementor-button-link elementor-size-sm elementor-animation-shrink\" href=\"#impressum-de\">\n\t\t\t\t\t\t<span class=\"elementor-button-content-wrapper\">\n\t\t\t\t\t\t\t\t\t<span class=\"elementor-button-text\">Deustch<\/span>\n\t\t\t\t\t<\/span>\n\t\t\t\t\t<\/a>\n\t\t\t\t<\/div>\n\t\t\t\t\t\t\t\t<\/div>\n\t\t\t\t<\/div>\n\t\t\t\t\t<\/div>\n\t\t<\/div>\n\t\t\t\t<div class=\"elementor-column elementor-col-33 elementor-inner-column elementor-element elementor-element-504e4bc\" data-id=\"504e4bc\" data-element_type=\"column\" data-e-type=\"column\">\n\t\t\t<div class=\"elementor-widget-wrap elementor-element-populated\">\n\t\t\t\t\t\t<div class=\"elementor-element elementor-element-3366ca3 elementor-widget elementor-widget-button\" data-id=\"3366ca3\" data-element_type=\"widget\" data-e-type=\"widget\" data-widget_type=\"button.default\">\n\t\t\t\t<div class=\"elementor-widget-container\">\n\t\t\t\t\t\t\t\t\t<div class=\"elementor-button-wrapper\">\n\t\t\t\t\t<a class=\"elementor-button elementor-button-link elementor-size-sm elementor-animation-shrink\" href=\"#afdruk-nl\">\n\t\t\t\t\t\t<span class=\"elementor-button-content-wrapper\">\n\t\t\t\t\t\t\t\t\t<span class=\"elementor-button-text\">Niederl\u00e4ndisch<\/span>\n\t\t\t\t\t<\/span>\n\t\t\t\t\t<\/a>\n\t\t\t\t<\/div>\n\t\t\t\t\t\t\t\t<\/div>\n\t\t\t\t<\/div>\n\t\t\t\t\t<\/div>\n\t\t<\/div>\n\t\t\t\t<div class=\"elementor-column elementor-col-33 elementor-inner-column elementor-element elementor-element-11a6295\" data-id=\"11a6295\" data-element_type=\"column\" data-e-type=\"column\">\n\t\t\t<div class=\"elementor-widget-wrap\">\n\t\t\t\t\t\t\t<\/div>\n\t\t<\/div>\n\t\t\t\t\t<\/div>\n\t\t<\/section>\n\t\t\t\t<div class=\"elementor-element elementor-element-ffd501a elementor-widget-divider--view-line elementor-widget elementor-widget-divider\" data-id=\"ffd501a\" data-element_type=\"widget\" data-e-type=\"widget\" data-widget_type=\"divider.default\">\n\t\t\t\t<div class=\"elementor-widget-container\">\n\t\t\t\t\t\t\t<div class=\"elementor-divider\">\n\t\t\t<span class=\"elementor-divider-separator\">\n\t\t\t\t\t\t<\/span>\n\t\t<\/div>\n\t\t\t\t\t\t<\/div>\n\t\t\t\t<\/div>\n\t\t\t\t<div class=\"elementor-element elementor-element-af2882a elementor-widget elementor-widget-menu-anchor\" data-id=\"af2882a\" data-element_type=\"widget\" data-e-type=\"widget\" data-widget_type=\"menu-anchor.default\">\n\t\t\t\t<div class=\"elementor-widget-container\">\n\t\t\t\t\t\t\t<div class=\"elementor-menu-anchor\" id=\"impressum-de\"><\/div>\n\t\t\t\t\t\t<\/div>\n\t\t\t\t<\/div>\n\t\t\t\t<div class=\"elementor-element elementor-element-52225b8 elementor-widget elementor-widget-text-editor\" data-id=\"52225b8\" data-element_type=\"widget\" data-e-type=\"widget\" data-widget_type=\"text-editor.default\">\n\t\t\t\t<div class=\"elementor-widget-container\">\n\t\t\t\t\t\t\t\t\t<h2>Impressum (DE)<\/h2>\t\t\t\t\t\t\t\t<\/div>\n\t\t\t\t<\/div>\n\t\t\t\t\t<\/div>\n\t\t<\/div>\n\t\t\t\t\t<\/div>\n\t\t<\/section>\n\t\t\t\t<section class=\"elementor-section elementor-top-section elementor-element elementor-element-a494585 elementor-section-boxed elementor-section-height-default elementor-section-height-default\" data-id=\"a494585\" data-element_type=\"section\" data-e-type=\"section\">\n\t\t\t\t\t\t<div class=\"elementor-container elementor-column-gap-default\">\n\t\t\t\t\t<div class=\"elementor-column elementor-col-100 elementor-top-column elementor-element elementor-element-0d65dc5\" data-id=\"0d65dc5\" data-element_type=\"column\" data-e-type=\"column\">\n\t\t\t<div class=\"elementor-widget-wrap elementor-element-populated\">\n\t\t\t\t\t\t<div class=\"elementor-element elementor-element-a826da3 elementor-widget elementor-widget-text-editor\" data-id=\"a826da3\" data-element_type=\"widget\" data-e-type=\"widget\" data-widget_type=\"text-editor.default\">\n\t\t\t\t<div class=\"elementor-widget-container\">\n\t\t\t\t\t\t\t\t\t<p>gruenes-grenzland.net ist eine Internetseite von<\/p><div>Groen Grensland \u2013 Gr\u00fcnes Grenzland e.V., gemeinn\u00fctziger Verein<\/div><div>p.a. Dr. Andreas Fink<\/div><div>Goethestra\u00dfe 20<\/div><div>41372 Niederkr\u00fcchten-Elmpt<\/div><p>E-Mail: info@gruenes-grenzland.net<\/p><p><b>Betreiber der Internetseite:<br \/><\/b><span style=\"background-color: var(--ast-global-color-4); color: var(--ast-global-color-3); font-size: 1rem;\">Dr. Andreas Fink, Groen Grensland \u2013 Gr\u00fcnes Grenzland e.V.<\/span><\/p><p><b>Verantwortlicher im Sinne des Presserechtes, \u00a755 Abs.2 RStV:<\/b><br \/>Dr. Andreas Fink, Groen Grensland \u2013 Gr\u00fcnes Grenzland e.V.<b><br \/><\/b><\/p><p><b><br \/>Haftung<\/b><\/p><p>Wegen der technischen Merkmale des Internets kann gruenes-grenzland.net (bzw. der Betreiber dieser Internetpr\u00e4senz) keine Gew\u00e4hr f\u00fcr die Richtigkeit und Vollst\u00e4ndigkeit der auf dieser Internetseite eingestellten Informationen und Angebote \u00fcbernehmen.<\/p><p><b>Hinweis zur Problematik von externen Verweisen\/Links:<\/b><\/p><p>Als Inhalteanbieter ist gruenes-grenzland.net bzw. der Betreiber der Internetseite gruenes-grenzland.net f\u00fcr die \u201eeigenen Inhalte\u201c, die er zur Nutzung dieser Internetseite bereith\u00e4lt, nach den allgemeinen Gesetzen verantwortlich. Von diesen \u201eeigenen Inhalten\u201c sind Links (Querverweise) auf die Inhalte von anderen Anbietern bereitgehaltenen Inhalte zu unterscheiden. Durch solche Links h\u00e4lt der Betreiber von gruenes-grenzland.net auf seiner Internetseite somit \u201cfremde Inhalte\u201c zur Nutzung bereit. F\u00fcr diese \u201efremden Inhalte\u201c ist der Betreiber von gruenes-grenzland.net nur dann verantwortlich, wenn er von ihnen (d.h. auch von einem rechtswidrigen bzw. strafbaren Inhalt) positive Kenntnis hat. Und, wenn es ihm technisch zumutbar und m\u00f6glich ist, deren Nutzung zu verhindern.<\/p><p>Bei solchen Links handelt es sich jedoch stets um dynamische, also quasi \u201elebende\u201c Verweisungen. Der Betreiber von gruenes-grenzland.net hat bei der erstmaligen Verkn\u00fcpfung\/Verlinkung zwar den \u201efremden Inhalt\u201c daraufhin \u00fcberpr\u00fcft, ob durch ihn eine m\u00f6gliche zivilrechtliche oder strafrechtliche Verantwortlichkeit ausgel\u00f6st wird. Er ist aber nach dem Gesetz nicht dazu verpflichtet, die Inhalte (auf die er in seinem Angebot verweist) st\u00e4ndig auf Ver\u00e4nderungen zu \u00fcberpr\u00fcfen, die m\u00f6glicherweise eine Verantwortlichkeit neu begr\u00fcnden k\u00f6nnten. Erst wenn der Betreiber von gruenes-grenzland.net feststellt oder von anderen darauf hingewiesen wird, dass ein konkretes Angebot, zu dem er auf seiner Internetseite einen Link ver\u00f6ffentlicht\/bereitgestellt hat, eine zivil- oder strafrechtliche Verantwortlichkeit ausl\u00f6st, wird er den Link\/Verweis auf dieses Angebot aufheben. Und zwar, soweit ihm das zumutbar und technisch m\u00f6glich ist.<\/p>\t\t\t\t\t\t\t\t<\/div>\n\t\t\t\t<\/div>\n\t\t\t\t<div class=\"elementor-element elementor-element-97f5994 elementor-widget-divider--view-line elementor-widget elementor-widget-divider\" data-id=\"97f5994\" data-element_type=\"widget\" data-e-type=\"widget\" data-widget_type=\"divider.default\">\n\t\t\t\t<div class=\"elementor-widget-container\">\n\t\t\t\t\t\t\t<div class=\"elementor-divider\">\n\t\t\t<span class=\"elementor-divider-separator\">\n\t\t\t\t\t\t<\/span>\n\t\t<\/div>\n\t\t\t\t\t\t<\/div>\n\t\t\t\t<\/div>\n\t\t\t\t<div class=\"elementor-element elementor-element-6c16e79 elementor-widget elementor-widget-text-editor\" data-id=\"6c16e79\" data-element_type=\"widget\" data-e-type=\"widget\" data-widget_type=\"text-editor.default\">\n\t\t\t\t<div class=\"elementor-widget-container\">\n\t\t\t\t\t\t\t\t\t<p><i>Layout, Design &amp; techn. Umsetzung: WIRKfabrik e.K. \/ Chiemsee, Texte: Dipl. Ing. Manuel Philipp<\/i><\/p>\t\t\t\t\t\t\t\t<\/div>\n\t\t\t\t<\/div>\n\t\t\t\t\t<\/div>\n\t\t<\/div>\n\t\t\t\t\t<\/div>\n\t\t<\/section>\n\t\t\t\t<section class=\"elementor-section elementor-top-section elementor-element elementor-element-4652fbe elementor-section-boxed elementor-section-height-default elementor-section-height-default\" data-id=\"4652fbe\" data-element_type=\"section\" data-e-type=\"section\">\n\t\t\t\t\t\t<div class=\"elementor-container elementor-column-gap-default\">\n\t\t\t\t\t<div class=\"elementor-column elementor-col-100 elementor-top-column elementor-element elementor-element-6486dfe\" data-id=\"6486dfe\" data-element_type=\"column\" data-e-type=\"column\">\n\t\t\t<div class=\"elementor-widget-wrap elementor-element-populated\">\n\t\t\t\t\t\t<div class=\"elementor-element elementor-element-22125d8 elementor-widget elementor-widget-menu-anchor\" data-id=\"22125d8\" data-element_type=\"widget\" data-e-type=\"widget\" data-widget_type=\"menu-anchor.default\">\n\t\t\t\t<div class=\"elementor-widget-container\">\n\t\t\t\t\t\t\t<div class=\"elementor-menu-anchor\" id=\"afdruk-nl\"><\/div>\n\t\t\t\t\t\t<\/div>\n\t\t\t\t<\/div>\n\t\t\t\t<div class=\"elementor-element elementor-element-39cb337 elementor-widget elementor-widget-text-editor\" data-id=\"39cb337\" data-element_type=\"widget\" data-e-type=\"widget\" data-widget_type=\"text-editor.default\">\n\t\t\t\t<div class=\"elementor-widget-container\">\n\t\t\t\t\t\t\t\t\t<h2>Colofon en verantwoording (NL)<\/h2>\t\t\t\t\t\t\t\t<\/div>\n\t\t\t\t<\/div>\n\t\t\t\t\t<\/div>\n\t\t<\/div>\n\t\t\t\t\t<\/div>\n\t\t<\/section>\n\t\t\t\t<section class=\"elementor-section elementor-top-section elementor-element elementor-element-0b35696 elementor-section-boxed elementor-section-height-default elementor-section-height-default\" data-id=\"0b35696\" data-element_type=\"section\" data-e-type=\"section\">\n\t\t\t\t\t\t<div class=\"elementor-container elementor-column-gap-default\">\n\t\t\t\t\t<div class=\"elementor-column elementor-col-100 elementor-top-column elementor-element elementor-element-729ce09\" data-id=\"729ce09\" data-element_type=\"column\" data-e-type=\"column\">\n\t\t\t<div class=\"elementor-widget-wrap elementor-element-populated\">\n\t\t\t\t\t\t<div class=\"elementor-element elementor-element-fb2ab42 elementor-widget elementor-widget-text-editor\" data-id=\"fb2ab42\" data-element_type=\"widget\" data-e-type=\"widget\" data-widget_type=\"text-editor.default\">\n\t\t\t\t<div class=\"elementor-widget-container\">\n\t\t\t\t\t\t\t\t\t<p>gruenes-grenzland.net\/groen-grensland.net is een website van<\/p><div>Groen Grensland \u2013 Gr\u00fcnes Grenzland e.V., Vereniging zonder winstoogmerk<\/div><div><span style=\"background-color: var(--ast-global-color-4); color: var(--ast-global-color-3); font-size: 1rem;\">p.a. Dr. Andreas Fink<\/span><\/div><div>Goethestra\u00dfe 20<\/div><div>41372 Niederkr\u00fcchten-Elmpt<\/div><p>E-Mail: info@groen-grensland.net<\/p><p><b>Website-operator:<\/b><br \/>Dr. Andreas Fink, Groen Grensland e.V.<\/p><p><b>Verantwoordelijk in de zin van de perswet, \u00a755 Abs.2 RStV:<\/b><br \/>Dr. Andreas Fink, Groen Grensland,\u00a0e.V. , vereniging zonder winstoogmerk<\/p><p><b>Aansprakelijkheid<\/b><\/p><p>Vanwege de technische eigenschappen van internet kan groens-grensland.net\/gruenes-grenzland.net (of de exploitant van deze website) de juistheid en volledigheid van de informatie en aanbiedingen op deze website niet altijd garanderen.<\/p><p><b>Opmerking over het probleem van externe verwijzingen\/links:<\/b><\/p><p>Als aanbieder van inhoud is gruenes-grenzland.net\/groen-grensland.net of de exploitant van de website gruenes-grenzland.net\/groen-grensland.net verantwoordelijk voor de &#8220;eigen inhoud&#8221; die het beschikbaar stelt voor het gebruik van deze website in overeenstemming met de algemene wetten. Deze &#8220;eigen inhoud&#8221; moet worden onderscheiden van links (kruisverwijzingen) naar de inhoud van andere aanbieders. Via dergelijke links stelt de exploitant van gruenes-grenzland.net\/groen-grensland.net &#8220;externe inhoud&#8221; beschikbaar voor gebruik op zijn website. De exploitant van gruenes-grenzland.net\/groen-grensland.net is alleen verantwoordelijk voor deze &#8220;externe inhoud&#8221; als hij er positieve kennis van heeft (d.w.z. ook van illegale of criminele inhoud). En als het technisch redelijk en mogelijk is voor hem om het gebruik ervan te voorkomen.<\/p><p>Dergelijke links zijn echter altijd dynamisch, d.w.z. quasi &#8220;levende&#8221; verwijzingen. De exploitant van gruenes-Grenzland.net controleerde de &#8220;externe inhoud&#8221; toen deze voor het eerst werd gelinkt om te zien of dit kon leiden tot burgerlijke of strafrechtelijke aansprakelijkheid. Volgens de wet is hij echter niet verplicht om de inhoud (waar hij in zijn aanbod naar verwijst) voortdurend te controleren op wijzigingen die mogelijk aanleiding kunnen geven tot nieuwe aansprakelijkheid. Alleen wanneer de exploitant van gruenes-Grenzland.net erachter komt of door anderen wordt ge\u00efnformeerd dat concrete content waarnaar hij op zijn website een link heeft geplaatst\/verschaft, burgerlijke of strafrechtelijke aansprakelijkheid veroorzaakt, zal hij de link\/verwijzing verwijderen en deze content annuleren. Voor zover dit redelijk en technisch mogelijk is.<\/p>\t\t\t\t\t\t\t\t<\/div>\n\t\t\t\t<\/div>\n\t\t\t\t<div class=\"elementor-element elementor-element-2c92394 elementor-widget-divider--view-line elementor-widget elementor-widget-divider\" data-id=\"2c92394\" data-element_type=\"widget\" data-e-type=\"widget\" data-widget_type=\"divider.default\">\n\t\t\t\t<div class=\"elementor-widget-container\">\n\t\t\t\t\t\t\t<div class=\"elementor-divider\">\n\t\t\t<span class=\"elementor-divider-separator\">\n\t\t\t\t\t\t<\/span>\n\t\t<\/div>\n\t\t\t\t\t\t<\/div>\n\t\t\t\t<\/div>\n\t\t\t\t<div class=\"elementor-element elementor-element-d81569c elementor-widget elementor-widget-text-editor\" data-id=\"d81569c\" data-element_type=\"widget\" data-e-type=\"widget\" data-widget_type=\"text-editor.default\">\n\t\t\t\t<div class=\"elementor-widget-container\">\n\t\t\t\t\t\t\t\t\t<p><i>Lay-out, ontwerp &amp; technisch Uitvoering: WIRKfabrik e.K. \/ Chiemsee. Teksten: Dipl. Ing. Manuel Philipp<\/i><\/p>\t\t\t\t\t\t\t\t<\/div>\n\t\t\t\t<\/div>\n\t\t\t\t\t<\/div>\n\t\t<\/div>\n\t\t\t\t\t<\/div>\n\t\t<\/section>\n\t\t\t\t<section class=\"elementor-section elementor-top-section elementor-element elementor-element-22176c8 elementor-section-boxed elementor-section-height-default elementor-section-height-default\" data-id=\"22176c8\" data-element_type=\"section\" data-e-type=\"section\">\n\t\t\t\t\t\t<div class=\"elementor-container elementor-column-gap-default\">\n\t\t\t\t\t<div class=\"elementor-column elementor-col-100 elementor-top-column elementor-element elementor-element-669f0ce\" data-id=\"669f0ce\" data-element_type=\"column\" data-e-type=\"column\">\n\t\t\t<div class=\"elementor-widget-wrap elementor-element-populated\">\n\t\t\t\t\t\t<div class=\"elementor-element elementor-element-d91f9ed elementor-widget elementor-widget-spacer\" data-id=\"d91f9ed\" data-element_type=\"widget\" data-e-type=\"widget\" data-widget_type=\"spacer.default\">\n\t\t\t\t<div class=\"elementor-widget-container\">\n\t\t\t\t\t\t\t<div class=\"elementor-spacer\">\n\t\t\t<div class=\"elementor-spacer-inner\"><\/div>\n\t\t<\/div>\n\t\t\t\t\t\t<\/div>\n\t\t\t\t<\/div>\n\t\t\t\t\t<\/div>\n\t\t<\/div>\n\t\t\t\t\t<\/div>\n\t\t<\/section>\n\t\t\t\t<\/div>","protected":false},"excerpt":{"rendered":"<p>Deustch Nederlands Impressum (DE) gruenes-grenzland.net ist eine Internetseite von Groen Grensland \u2013 Gr\u00fcnes Grenzland e.V., gemeinn\u00fctziger Vereinp.a. Dr. Andreas FinkGoethestra\u00dfe 2041372 Niederkr\u00fcchten-Elmpt E-Mail: info@gruenes-grenzland.net Betreiber der Internetseite:Dr. Andreas Fink, Groen Grensland \u2013 Gr\u00fcnes Grenzland e.V. Verantwortlicher im Sinne des Presserechtes, \u00a755 Abs.2 RStV:Dr. Andreas Fink, Groen Grensland \u2013 Gr\u00fcnes Grenzland e.V. Haftung Wegen der technischen [&hellip;]<\/p>\n","protected":false},"author":1,"featured_media":0,"parent":0,"menu_order":0,"comment_status":"closed","ping_status":"open","template":"","meta":{"site-sidebar-layout":"no-sidebar","site-content-layout":"page-builder","ast-site-content-layout":"default","site-content-style":"default","site-sidebar-style":"default","ast-global-header-display":"","ast-banner-title-visibility":"","ast-main-header-display":"","ast-hfb-above-header-display":"","ast-hfb-below-header-display":"","ast-hfb-mobile-header-display":"","site-post-title":"disabled","ast-breadcrumbs-content":"","ast-featured-img":"disabled","footer-sml-layout":"","ast-disable-related-posts":"","theme-transparent-header-meta":"default","adv-header-id-meta":"","stick-header-meta":"","header-above-stick-meta":"","header-main-stick-meta":"","header-below-stick-meta":"","astra-migrate-meta-layouts":"default","ast-page-background-enabled":"default","ast-page-background-meta":{"desktop":{"background-color":"","background-image":"","background-repeat":"repeat","background-position":"center center","background-size":"auto","background-attachment":"scroll","background-type":"","background-media":"","overlay-type":"","overlay-color":"","overlay-opacity":"","overlay-gradient":""},"tablet":{"background-color":"","background-image":"","background-repeat":"repeat","background-position":"center center","background-size":"auto","background-attachment":"scroll","background-type":"","background-media":"","overlay-type":"","overlay-color":"","overlay-opacity":"","overlay-gradient":""},"mobile":{"background-color":"","background-image":"","background-repeat":"repeat","background-position":"center center","background-size":"auto","background-attachment":"scroll","background-type":"","background-media":"","overlay-type":"","overlay-color":"","overlay-opacity":"","overlay-gradient":""}},"ast-content-background-meta":{"desktop":{"background-color":"var(--ast-global-color-5)","background-image":"","background-repeat":"repeat","background-position":"center center","background-size":"auto","background-attachment":"scroll","background-type":"","background-media":"","overlay-type":"","overlay-color":"","overlay-opacity":"","overlay-gradient":""},"tablet":{"background-color":"var(--ast-global-color-5)","background-image":"","background-repeat":"repeat","background-position":"center center","background-size":"auto","background-attachment":"scroll","background-type":"","background-media":"","overlay-type":"","overlay-color":"","overlay-opacity":"","overlay-gradient":""},"mobile":{"background-color":"var(--ast-global-color-5)","background-image":"","background-repeat":"repeat","background-position":"center center","background-size":"auto","background-attachment":"scroll","background-type":"","background-media":"","overlay-type":"","overlay-color":"","overlay-opacity":"","overlay-gradient":""}},"footnotes":""},"class_list":["post-5329","page","type-page","status-publish","hentry"],"_links":{"self":[{"href":"https:\/\/www.gruenes-grenzland.net\/de\/wp-json\/wp\/v2\/pages\/5329","targetHints":{"allow":["GET"]}}],"collection":[{"href":"https:\/\/www.gruenes-grenzland.net\/de\/wp-json\/wp\/v2\/pages"}],"about":[{"href":"https:\/\/www.gruenes-grenzland.net\/de\/wp-json\/wp\/v2\/types\/page"}],"author":[{"embeddable":true,"href":"https:\/\/www.gruenes-grenzland.net\/de\/wp-json\/wp\/v2\/users\/1"}],"replies":[{"embeddable":true,"href":"https:\/\/www.gruenes-grenzland.net\/de\/wp-json\/wp\/v2\/comments?post=5329"}],"version-history":[{"count":63,"href":"https:\/\/www.gruenes-grenzland.net\/de\/wp-json\/wp\/v2\/pages\/5329\/revisions"}],"predecessor-version":[{"id":13767,"href":"https:\/\/www.gruenes-grenzland.net\/de\/wp-json\/wp\/v2\/pages\/5329\/revisions\/13767"}],"wp:attachment":[{"href":"https:\/\/www.gruenes-grenzland.net\/de\/wp-json\/wp\/v2\/media?parent=5329"}],"curies":[{"name":"wp","href":"https:\/\/api.w.org\/{rel}","templated":true}]}}